{"id":2838,"date":"2020-02-01T13:31:07","date_gmt":"2020-02-01T18:31:07","guid":{"rendered":"https:\/?page_id=2838"},"modified":"2023-02-02T23:35:36","modified_gmt":"2023-02-02T22:35:36","slug":"plan-du-site","status":"publish","type":"page","link":"https:\/\/gaetaneglize.com\/fr\/plan-du-site\/","title":{"rendered":"plan du site"},"content":{"rendered":"\t\t<div data-elementor-type=\"wp-page\" data-elementor-id=\"2838\" class=\"elementor elementor-2838\">\n\t\t\t\t\t\t<section class=\"elementor-section elementor-top-section elementor-element elementor-element-1085e28 elementor-section-height-min-height elementor-section-boxed elementor-section-height-default elementor-section-items-middle\" data-id=\"1085e28\" data-element_type=\"section\" data-e-type=\"section\">\n\t\t\t\t\t\t<div class=\"elementor-container elementor-column-gap-default\">\n\t\t\t\t\t<div class=\"elementor-column elementor-col-100 elementor-top-column elementor-element elementor-element-821e19e\" data-id=\"821e19e\" data-element_type=\"column\" data-e-type=\"column\">\n\t\t\t<div class=\"elementor-widget-wrap\">\n\t\t\t\t\t\t\t<\/div>\n\t\t<\/div>\n\t\t\t\t\t<\/div>\n\t\t<\/section>\n\t\t\t\t<section class=\"elementor-section elementor-top-section elementor-element elementor-element-275a151 elementor-section-boxed elementor-section-height-default elementor-section-height-default\" data-id=\"275a151\" data-element_type=\"section\" data-e-type=\"section\">\n\t\t\t\t\t\t<div class=\"elementor-container elementor-column-gap-default\">\n\t\t\t\t\t<div class=\"elementor-column elementor-col-100 elementor-top-column elementor-element elementor-element-d3edc7b\" data-id=\"d3edc7b\" data-element_type=\"column\" data-e-type=\"column\">\n\t\t\t<div class=\"elementor-widget-wrap elementor-element-populated\">\n\t\t\t\t\t\t<div class=\"elementor-element elementor-element-2dc68e8 elementor-widget elementor-widget-heading\" data-id=\"2dc68e8\" data-element_type=\"widget\" data-e-type=\"widget\" data-widget_type=\"heading.default\">\n\t\t\t\t<div class=\"elementor-widget-container\">\n\t\t\t\t\t<h1 class=\"elementor-heading-title elementor-size-default\">Plan du site<\/h1>\t\t\t\t<\/div>\n\t\t\t\t<\/div>\n\t\t\t\t\t<\/div>\n\t\t<\/div>\n\t\t\t\t\t<\/div>\n\t\t<\/section>\n\t\t\t\t<section class=\"elementor-section elementor-top-section elementor-element elementor-element-e572415 elementor-section-boxed elementor-section-height-default elementor-section-height-default\" data-id=\"e572415\" data-element_type=\"section\" data-e-type=\"section\">\n\t\t\t\t\t\t<div class=\"elementor-container elementor-column-gap-default\">\n\t\t\t\t\t<div class=\"elementor-column elementor-col-100 elementor-top-column elementor-element elementor-element-164771b\" data-id=\"164771b\" data-element_type=\"column\" data-e-type=\"column\">\n\t\t\t<div class=\"elementor-widget-wrap elementor-element-populated\">\n\t\t\t\t\t\t<div class=\"elementor-element elementor-element-2f1a043 elementor-widget elementor-widget-text-editor\" data-id=\"2f1a043\" data-element_type=\"widget\" data-e-type=\"widget\" data-widget_type=\"text-editor.default\">\n\t\t\t\t<div class=\"elementor-widget-container\">\n\t\t\t\t\t\t\t\t\t<p>Naviguez facilement sur le site et trouvez rapidement le contenu qui vous int\u00e9resse gr\u00e2ce \u00e0 ce plan de site.<\/p>\t\t\t\t\t\t\t\t<\/div>\n\t\t\t\t<\/div>\n\t\t\t\t<section class=\"elementor-section elementor-inner-section elementor-element elementor-element-d6389eb elementor-section-boxed elementor-section-height-default elementor-section-height-default\" data-id=\"d6389eb\" data-element_type=\"section\" data-e-type=\"section\">\n\t\t\t\t\t\t<div class=\"elementor-container elementor-column-gap-default\">\n\t\t\t\t\t<div class=\"elementor-column elementor-col-33 elementor-inner-column elementor-element elementor-element-e6b3688\" data-id=\"e6b3688\" data-element_type=\"column\" data-e-type=\"column\">\n\t\t\t<div class=\"elementor-widget-wrap\">\n\t\t\t\t\t\t\t<\/div>\n\t\t<\/div>\n\t\t\t\t<div class=\"elementor-column elementor-col-33 elementor-inner-column elementor-element elementor-element-597e7e0\" data-id=\"597e7e0\" data-element_type=\"column\" data-e-type=\"column\">\n\t\t\t<div class=\"elementor-widget-wrap elementor-element-populated\">\n\t\t\t\t\t\t<div class=\"elementor-element elementor-element-584cacd elementor-widget elementor-widget-text-editor\" data-id=\"584cacd\" data-element_type=\"widget\" data-e-type=\"widget\" data-widget_type=\"text-editor.default\">\n\t\t\t\t<div class=\"elementor-widget-container\">\n\t\t\t\t\t\t\t\t\t<p>\u00a0<div class=\"wsp-container\"><h2 class=\"wsp-pages-title\">Pages<\/h2>\n<ul class=\"wsp-pages-list\">\n<li class=\"page_item page-item-7463 menu-item\"><a href=\"https:\/\/gaetaneglize.com\/fr\/photographe-elopement-mariage-aventure-france\/\" class=\"menu-link\">\u00e0 propos<\/a><\/li>\n<li class=\"page_item page-item-11526 menu-item\"><a href=\"https:\/\/gaetaneglize.com\/fr\/\" class=\"menu-link\">Accueil<\/a><\/li>\n<li class=\"page_item page-item-12995 menu-item\"><a href=\"https:\/\/gaetaneglize.com\/fr\/blog\/\" class=\"menu-link\">Blog<\/a><\/li>\n<li class=\"page_item page-item-1285 menu-item\"><a href=\"https:\/\/gaetaneglize.com\/fr\/contactez-votre-photographe-mariage-couple-grossesse-famille-landes\/\" class=\"menu-link\">contact<\/a><\/li>\n<li class=\"page_item page-item-11137 menu-item\"><a href=\"https:\/\/gaetaneglize.com\/fr\/creation-site-internet\/\" class=\"menu-link\">cr\u00e9ation de sites internet<\/a><\/li>\n<li class=\"page_item page-item-18400 menu-item\"><a href=\"https:\/\/gaetaneglize.com\/fr\/guide-seance-grossesse\/\" class=\"menu-link\">guide s\u00e9ance grossesse<\/a><\/li>\n<li class=\"page_item page-item-17192 menu-item\"><a href=\"https:\/\/gaetaneglize.com\/fr\/tarifs-photographe-elopement-pyrenees-france\/\" class=\"menu-link\">prestation elopements<\/a><\/li>\n<li class=\"page_item page-item-10576 menu-item\"><a href=\"https:\/\/gaetaneglize.com\/fr\/tarifs-photographe-mariage-landes\/\" class=\"menu-link\">prestation mariages intimistes<\/a><\/li>\n<li class=\"page_item page-item-13962 menu-item\"><a href=\"https:\/\/gaetaneglize.com\/fr\/tarifs-photographe-seance-famille-landes\/\" class=\"menu-link\">prestation s\u00e9ance famille<\/a><\/li>\n<li class=\"page_item page-item-13737 menu-item\"><a href=\"https:\/\/gaetaneglize.com\/fr\/tarifs-photographe-seance-grossesse-landes\/\" class=\"menu-link\">prestation s\u00e9ance grossesse<\/a><\/li>\n<li class=\"page_item page-item-10501 menu-item\"><a href=\"https:\/\/gaetaneglize.com\/fr\/tarifs-photographe-seances-couple-fiancailles-landes\/\" class=\"menu-link\">prestation s\u00e9ances couple<\/a><\/li>\n<li class=\"page_item page-item-10754 menu-item\"><a href=\"https:\/\/gaetaneglize.com\/fr\/tarifs-photographe-seance-portrait-landes\/\" class=\"menu-link\">prestations s\u00e9ances portrait<\/a><\/li>\n<li class=\"page_item page-item-18303 menu-item\"><a href=\"https:\/\/gaetaneglize.com\/fr\/seance-grossesse-info\/\" class=\"menu-link\">prix s\u00e9ance grossesse<\/a><\/li>\n<li class=\"page_item page-item-13343 page_item_has_children menu-item menu-item-has-children\"><a href=\"https:\/\/gaetaneglize.com\/fr\/photographie-mariage\/\" class=\"menu-link\">zones mariage<\/a>\n<ul class='children'>\n\t<li class=\"page_item page-item-13446 menu-item\"><a href=\"https:\/\/gaetaneglize.com\/fr\/photographie-mariage\/photographe-mariage-dax\/\" class=\"menu-link\">photographe mariage dax<\/a><\/li>\n\t<li class=\"page_item page-item-13401 menu-item\"><a href=\"https:\/\/gaetaneglize.com\/fr\/photographie-mariage\/photographe-mariage-landes\/\" class=\"menu-link\">photographe mariage landes<\/a><\/li>\n<\/ul>\n<\/li>\n<\/ul>\n<h2 class=\"wsp-posts-title\">Articles par cat\u00e9gorie<\/h2>\n<ul class=\"wsp-posts-list\">\n\t<li><strong class=\"wsp-category-title\">Cat\u00e9gorie\u00a0: <a href=\"https:\/\/gaetaneglize.com\/fr\/blog\/elopement-guide-inspiration\/\">elopement : guide + inspiration<\/a><\/strong>\n<ul class=\"wsp-posts-list\">\t\t<li class=\"wsp-post\"><a href=\"https:\/\/gaetaneglize.com\/fr\/blog\/elopement-guide-inspiration\/elopement-definition-quest-ce-que-cest\/\">Elopement : qu&#8217;est-ce que c&#8217;est ?<\/a><\/li>\n<\/ul><\/li>\n\t<li><strong class=\"wsp-category-title\">Cat\u00e9gorie\u00a0: <a href=\"https:\/\/gaetaneglize.com\/fr\/blog\/elopements-mariages-intimistes\/\">elopements + mariages intimistes<\/a><\/strong>\n<ul class=\"wsp-posts-list\">\t\t<li class=\"wsp-post\"><a href=\"https:\/\/gaetaneglize.com\/fr\/blog\/elopements-mariages-intimistes\/editorial-elopement-montagne-mariee-coeur-sauvage\/\">\u00c9ditorial elopement en montagne : la mari\u00e9e au coeur sauvage<\/a><\/li>\n\t\t<li class=\"wsp-post\"><a href=\"https:\/\/gaetaneglize.com\/fr\/blog\/elopements-mariages-intimistes\/elopement-hiver-montagne-chalet-en-bois\/\">Elopement d&#8217;hiver en montagne dans un chalet en bois<\/a><\/li>\n<\/ul><\/li>\n\t<li><strong class=\"wsp-category-title\">Cat\u00e9gorie\u00a0: <a href=\"https:\/\/gaetaneglize.com\/fr\/blog\/mariages-conseils-idees\/\">mariages : conseils + id\u00e9es<\/a><\/strong>\n<ul class=\"wsp-posts-list\">\t\t<li class=\"wsp-post\"><a href=\"https:\/\/gaetaneglize.com\/fr\/blog\/mariages-conseils-idees\/mariage-reporte-idees-pour-rendre-votre-date-initiale-speciale\/\">Mariage report\u00e9 : id\u00e9es pour rendre votre date initiale sp\u00e9ciale<\/a><\/li>\n\t\t<li class=\"wsp-post\"><a href=\"https:\/\/gaetaneglize.com\/fr\/blog\/ressources-mariage-covid-19-coronavirus\/mariage-5-conseils-pour-composer-avec-covid-19\/\">Mariage : 5 conseils pour composer avec le COVID-19<\/a><\/li>\n<\/ul><\/li>\n\t<li><strong class=\"wsp-category-title\">Cat\u00e9gorie\u00a0: <a href=\"https:\/\/gaetaneglize.com\/fr\/blog\/ressources-mariage-covid-19-coronavirus\/\">ressources covid-19<\/a><\/strong>\n<\/li>\n\t<li><strong class=\"wsp-category-title\">Cat\u00e9gorie\u00a0: <a href=\"https:\/\/gaetaneglize.com\/fr\/blog\/couple-fiancailles-day-after\/\">s\u00e9ances couple : aventure, fian\u00e7ailles + day after<\/a><\/strong>\n<ul class=\"wsp-posts-list\">\t\t<li class=\"wsp-post\"><a href=\"https:\/\/gaetaneglize.com\/fr\/blog\/couple-fiancailles-day-after\/seance-photo-couple-foret-plage-landes\/\">S\u00e9ance photo couple entre for\u00eat et plage dans les Landes<\/a><\/li>\n<\/ul><\/li>\n\t<li><strong class=\"wsp-category-title\">Cat\u00e9gorie\u00a0: <a href=\"https:\/\/gaetaneglize.com\/fr\/blog\/couple-engagement\/\">sessions aventure : couples + engagements<\/a><\/strong>\n<ul class=\"wsp-posts-list\">\t\t<li class=\"wsp-post\"><a href=\"https:\/\/gaetaneglize.com\/fr\/blog\/couple-engagement\/seance-couple-aventure-au-pied-dune-cascade\/\">Test gifs<\/a><\/li>\n\t\t<li class=\"wsp-post\"><a href=\"https:\/\/gaetaneglize.com\/fr\/blog\/couple-engagement\/seance-couple-montagne-foret-lac-alpin\/\">S\u00e9ance couple en montagne entre for\u00eat et lac alpin<\/a><\/li>\n\t\t<li class=\"wsp-post\"><a href=\"https:\/\/gaetaneglize.com\/fr\/blog\/couple-engagement\/session-couple-aventure-montagne-lac-alpin\/\">S\u00e9ance couple aventure en montagne au bord d&#8217;un lac alpin<\/a><\/li>\n\t\t<li class=\"wsp-post\"><a href=\"https:\/\/gaetaneglize.com\/fr\/blog\/couple-engagement\/seance-photo-couple-aventure-cascade\/\">S\u00e9ance couple aventure au pied d&#8217;une cascade<\/a><\/li>\n\t\t<li class=\"wsp-post\"><a href=\"https:\/\/gaetaneglize.com\/fr\/blog\/couple-engagement\/seance-couple-foret-et-plage-landes\/\">S\u00e9ance couple entre for\u00eat et plage dans les Landes<\/a><\/li>\n<\/ul><\/li>\n<\/ul>\n<\/div><\/p>\t\t\t\t\t\t\t\t<\/div>\n\t\t\t\t<\/div>\n\t\t\t\t\t<\/div>\n\t\t<\/div>\n\t\t\t\t<div class=\"elementor-column elementor-col-33 elementor-inner-column elementor-element elementor-element-e1e2c94\" data-id=\"e1e2c94\" data-element_type=\"column\" data-e-type=\"column\">\n\t\t\t<div class=\"elementor-widget-wrap\">\n\t\t\t\t\t\t\t<\/div>\n\t\t<\/div>\n\t\t\t\t\t<\/div>\n\t\t<\/section>\n\t\t\t\t\t<\/div>\n\t\t<\/div>\n\t\t\t\t\t<\/div>\n\t\t<\/section>\n\t\t\t\t<\/div>\n\t\t","protected":false},"excerpt":{"rendered":"<p>Plan du site Naviguez facilement sur le site et trouvez rapidement le contenu qui vous int\u00e9resse gr\u00e2ce \u00e0 ce plan de site. \u00a0<\/p>\n","protected":false},"author":3,"featured_media":0,"parent":0,"menu_order":0,"comment_status":"closed","ping_status":"closed","template":"","meta":{"site-sidebar-layout":"no-sidebar","site-content-layout":"page-builder","ast-site-content-layout":"default","site-content-style":"default","site-sidebar-style":"default","ast-global-header-display":"","ast-banner-title-visibility":"","ast-main-header-display":"","ast-hfb-above-header-display":"","ast-hfb-below-header-display":"","ast-hfb-mobile-header-display":"","site-post-title":"disabled","ast-breadcrumbs-content":"","ast-featured-img":"disabled","footer-sml-layout":"","ast-disable-related-posts":"","theme-transparent-header-meta":"","adv-header-id-meta":"","stick-header-meta":"","header-above-stick-meta":"","header-main-stick-meta":"","header-below-stick-meta":"","astra-migrate-meta-layouts":"default","ast-page-background-enabled":"default","ast-page-background-meta":{"desktop":{"background-color":"","background-image":"","background-repeat":"repeat","background-position":"center center","background-size":"auto","background-attachment":"scroll","background-type":"","background-media":"","overlay-type":"","overlay-color":"","overlay-opacity":"","overlay-gradient":""},"tablet":{"background-color":"","background-image":"","background-repeat":"repeat","background-position":"center center","background-size":"auto","background-attachment":"scroll","background-type":"","background-media":"","overlay-type":"","overlay-color":"","overlay-opacity":"","overlay-gradient":""},"mobile":{"background-color":"","background-image":"","background-repeat":"repeat","background-position":"center center","background-size":"auto","background-attachment":"scroll","background-type":"","background-media":"","overlay-type":"","overlay-color":"","overlay-opacity":"","overlay-gradient":""}},"ast-content-background-meta":{"desktop":{"background-color":"var(--ast-global-color-5)","background-image":"","background-repeat":"repeat","background-position":"center center","background-size":"auto","background-attachment":"scroll","background-type":"","background-media":"","overlay-type":"","overlay-color":"","overlay-opacity":"","overlay-gradient":""},"tablet":{"background-color":"var(--ast-global-color-5)","background-image":"","background-repeat":"repeat","background-position":"center center","background-size":"auto","background-attachment":"scroll","background-type":"","background-media":"","overlay-type":"","overlay-color":"","overlay-opacity":"","overlay-gradient":""},"mobile":{"background-color":"var(--ast-global-color-5)","background-image":"","background-repeat":"repeat","background-position":"center center","background-size":"auto","background-attachment":"scroll","background-type":"","background-media":"","overlay-type":"","overlay-color":"","overlay-opacity":"","overlay-gradient":""}},"footnotes":""},"class_list":["post-2838","page","type-page","status-publish","hentry"],"yoast_head":"<!-- This site is optimized with the Yoast SEO plugin v27.4 - https:\/\/yoast.com\/product\/yoast-seo-wordpress\/ -->\n<title>plan du site | Ga\u00e9tane Glize<\/title>\n<meta name=\"robots\" content=\"index, follow, max-snippet:-1, max-image-preview:large, max-video-preview:-1\" \/>\n<link rel=\"canonical\" href=\"https:\/\/gaetaneglize.com\/fr\/plan-du-site\/\" \/>\n<meta property=\"og:locale\" content=\"fr_FR\" \/>\n<meta property=\"og:type\" content=\"article\" \/>\n<meta property=\"og:title\" content=\"plan du site | Ga\u00e9tane Glize\" \/>\n<meta property=\"og:description\" content=\"Plan du site Naviguez facilement sur le site et trouvez rapidement le contenu qui vous int\u00e9resse gr\u00e2ce \u00e0 ce plan de site. \u00a0\" \/>\n<meta property=\"og:url\" content=\"https:\/\/gaetaneglize.com\/fr\/plan-du-site\/\" \/>\n<meta property=\"og:site_name\" content=\"Ga\u00e9tane Glize\" \/>\n<meta property=\"article:publisher\" content=\"https:\/\/www.facebook.com\/gaetaneglizephotography\/\" \/>\n<meta property=\"article:modified_time\" content=\"2023-02-02T22:35:36+00:00\" \/>\n<meta property=\"og:image\" content=\"https:\/\/gaetaneglize.com\/wp-content\/uploads\/2021\/11\/gaetane-glize-003.jpg\" \/>\n\t<meta property=\"og:image:width\" content=\"1500\" \/>\n\t<meta property=\"og:image:height\" content=\"1000\" \/>\n\t<meta property=\"og:image:type\" content=\"image\/jpeg\" \/>\n<meta name=\"twitter:card\" content=\"summary_large_image\" \/>\n<meta name=\"twitter:label1\" content=\"Dur\u00e9e de lecture estim\u00e9e\" \/>\n\t<meta name=\"twitter:data1\" content=\"2 minutes\" \/>\n<script type=\"application\/ld+json\" class=\"yoast-schema-graph\">{\"@context\":\"https:\\\/\\\/schema.org\",\"@graph\":[{\"@type\":\"WebPage\",\"@id\":\"https:\\\/\\\/gaetaneglize.com\\\/fr\\\/plan-du-site\\\/\",\"url\":\"https:\\\/\\\/gaetaneglize.com\\\/fr\\\/plan-du-site\\\/\",\"name\":\"plan du site | Ga\u00e9tane Glize\",\"isPartOf\":{\"@id\":\"https:\\\/\\\/gaetaneglize.com\\\/fr\\\/#website\"},\"datePublished\":\"2020-02-01T18:31:07+00:00\",\"dateModified\":\"2023-02-02T22:35:36+00:00\",\"breadcrumb\":{\"@id\":\"https:\\\/\\\/gaetaneglize.com\\\/fr\\\/plan-du-site\\\/#breadcrumb\"},\"inLanguage\":\"fr-FR\",\"potentialAction\":[{\"@type\":\"ReadAction\",\"target\":[\"https:\\\/\\\/gaetaneglize.com\\\/fr\\\/plan-du-site\\\/\"]}]},{\"@type\":\"BreadcrumbList\",\"@id\":\"https:\\\/\\\/gaetaneglize.com\\\/fr\\\/plan-du-site\\\/#breadcrumb\",\"itemListElement\":[{\"@type\":\"ListItem\",\"position\":1,\"name\":\"Accueil\",\"item\":\"https:\\\/\\\/gaetaneglize.com\\\/fr\\\/\"},{\"@type\":\"ListItem\",\"position\":2,\"name\":\"plan du site\"}]},{\"@type\":\"WebSite\",\"@id\":\"https:\\\/\\\/gaetaneglize.com\\\/fr\\\/#website\",\"url\":\"https:\\\/\\\/gaetaneglize.com\\\/fr\\\/\",\"name\":\"Ga\u00e9tane Glize\",\"description\":\"Photographe de mariage, couple, famille et grossesse dans les Landes\",\"publisher\":{\"@id\":\"https:\\\/\\\/gaetaneglize.com\\\/fr\\\/#organization\"},\"potentialAction\":[{\"@type\":\"SearchAction\",\"target\":{\"@type\":\"EntryPoint\",\"urlTemplate\":\"https:\\\/\\\/gaetaneglize.com\\\/fr\\\/?s={search_term_string}\"},\"query-input\":{\"@type\":\"PropertyValueSpecification\",\"valueRequired\":true,\"valueName\":\"search_term_string\"}}],\"inLanguage\":\"fr-FR\"},{\"@type\":\"Organization\",\"@id\":\"https:\\\/\\\/gaetaneglize.com\\\/fr\\\/#organization\",\"name\":\"Ga\u00e9tane Glize\",\"url\":\"https:\\\/\\\/gaetaneglize.com\\\/fr\\\/\",\"logo\":{\"@type\":\"ImageObject\",\"inLanguage\":\"fr-FR\",\"@id\":\"https:\\\/\\\/gaetaneglize.com\\\/fr\\\/#\\\/schema\\\/logo\\\/image\\\/\",\"url\":\"https:\\\/\\\/gaetaneglize.com\\\/wp-content\\\/uploads\\\/2025\\\/01\\\/gaetane-glize-photography-logo-2025.png\",\"contentUrl\":\"https:\\\/\\\/gaetaneglize.com\\\/wp-content\\\/uploads\\\/2025\\\/01\\\/gaetane-glize-photography-logo-2025.png\",\"width\":2588,\"height\":1970,\"caption\":\"Ga\u00e9tane Glize\"},\"image\":{\"@id\":\"https:\\\/\\\/gaetaneglize.com\\\/fr\\\/#\\\/schema\\\/logo\\\/image\\\/\"},\"sameAs\":[\"https:\\\/\\\/www.facebook.com\\\/gaetaneglizephotography\\\/\",\"https:\\\/\\\/www.instagram.com\\\/gaetaneglize\\\/\"]}]}<\/script>\n<!-- \/ Yoast SEO plugin. -->","yoast_head_json":{"title":"plan du site | Ga\u00e9tane Glize","robots":{"index":"index","follow":"follow","max-snippet":"max-snippet:-1","max-image-preview":"max-image-preview:large","max-video-preview":"max-video-preview:-1"},"canonical":"https:\/\/gaetaneglize.com\/fr\/plan-du-site\/","og_locale":"fr_FR","og_type":"article","og_title":"plan du site | Ga\u00e9tane Glize","og_description":"Plan du site Naviguez facilement sur le site et trouvez rapidement le contenu qui vous int\u00e9resse gr\u00e2ce \u00e0 ce plan de site. \u00a0","og_url":"https:\/\/gaetaneglize.com\/fr\/plan-du-site\/","og_site_name":"Ga\u00e9tane Glize","article_publisher":"https:\/\/www.facebook.com\/gaetaneglizephotography\/","article_modified_time":"2023-02-02T22:35:36+00:00","og_image":[{"width":1500,"height":1000,"url":"https:\/\/gaetaneglize.com\/wp-content\/uploads\/2021\/11\/gaetane-glize-003.jpg","type":"image\/jpeg"}],"twitter_card":"summary_large_image","twitter_misc":{"Dur\u00e9e de lecture estim\u00e9e":"2 minutes"},"schema":{"@context":"https:\/\/schema.org","@graph":[{"@type":"WebPage","@id":"https:\/\/gaetaneglize.com\/fr\/plan-du-site\/","url":"https:\/\/gaetaneglize.com\/fr\/plan-du-site\/","name":"plan du site | Ga\u00e9tane Glize","isPartOf":{"@id":"https:\/\/gaetaneglize.com\/fr\/#website"},"datePublished":"2020-02-01T18:31:07+00:00","dateModified":"2023-02-02T22:35:36+00:00","breadcrumb":{"@id":"https:\/\/gaetaneglize.com\/fr\/plan-du-site\/#breadcrumb"},"inLanguage":"fr-FR","potentialAction":[{"@type":"ReadAction","target":["https:\/\/gaetaneglize.com\/fr\/plan-du-site\/"]}]},{"@type":"BreadcrumbList","@id":"https:\/\/gaetaneglize.com\/fr\/plan-du-site\/#breadcrumb","itemListElement":[{"@type":"ListItem","position":1,"name":"Accueil","item":"https:\/\/gaetaneglize.com\/fr\/"},{"@type":"ListItem","position":2,"name":"plan du site"}]},{"@type":"WebSite","@id":"https:\/\/gaetaneglize.com\/fr\/#website","url":"https:\/\/gaetaneglize.com\/fr\/","name":"Ga\u00e9tane Glize","description":"Photographe de mariage, couple, famille et grossesse dans les Landes","publisher":{"@id":"https:\/\/gaetaneglize.com\/fr\/#organization"},"potentialAction":[{"@type":"SearchAction","target":{"@type":"EntryPoint","urlTemplate":"https:\/\/gaetaneglize.com\/fr\/?s={search_term_string}"},"query-input":{"@type":"PropertyValueSpecification","valueRequired":true,"valueName":"search_term_string"}}],"inLanguage":"fr-FR"},{"@type":"Organization","@id":"https:\/\/gaetaneglize.com\/fr\/#organization","name":"Ga\u00e9tane Glize","url":"https:\/\/gaetaneglize.com\/fr\/","logo":{"@type":"ImageObject","inLanguage":"fr-FR","@id":"https:\/\/gaetaneglize.com\/fr\/#\/schema\/logo\/image\/","url":"https:\/\/gaetaneglize.com\/wp-content\/uploads\/2025\/01\/gaetane-glize-photography-logo-2025.png","contentUrl":"https:\/\/gaetaneglize.com\/wp-content\/uploads\/2025\/01\/gaetane-glize-photography-logo-2025.png","width":2588,"height":1970,"caption":"Ga\u00e9tane Glize"},"image":{"@id":"https:\/\/gaetaneglize.com\/fr\/#\/schema\/logo\/image\/"},"sameAs":["https:\/\/www.facebook.com\/gaetaneglizephotography\/","https:\/\/www.instagram.com\/gaetaneglize\/"]}]}},"_links":{"self":[{"href":"https:\/\/gaetaneglize.com\/fr\/wp-json\/wp\/v2\/pages\/2838","targetHints":{"allow":["GET"]}}],"collection":[{"href":"https:\/\/gaetaneglize.com\/fr\/wp-json\/wp\/v2\/pages"}],"about":[{"href":"https:\/\/gaetaneglize.com\/fr\/wp-json\/wp\/v2\/types\/page"}],"author":[{"embeddable":true,"href":"https:\/\/gaetaneglize.com\/fr\/wp-json\/wp\/v2\/users\/3"}],"replies":[{"embeddable":true,"href":"https:\/\/gaetaneglize.com\/fr\/wp-json\/wp\/v2\/comments?post=2838"}],"version-history":[{"count":14,"href":"https:\/\/gaetaneglize.com\/fr\/wp-json\/wp\/v2\/pages\/2838\/revisions"}],"predecessor-version":[{"id":13560,"href":"https:\/\/gaetaneglize.com\/fr\/wp-json\/wp\/v2\/pages\/2838\/revisions\/13560"}],"wp:attachment":[{"href":"https:\/\/gaetaneglize.com\/fr\/wp-json\/wp\/v2\/media?parent=2838"}],"curies":[{"name":"wp","href":"https:\/\/api.w.org\/{rel}","templated":true}]}}